{"id":2966,"date":"2022-01-14T15:52:42","date_gmt":"2022-01-14T14:52:42","guid":{"rendered":"https:\/\/alteko.cz\/manufacturing-programme\/centrifugal-fans\/"},"modified":"2025-06-03T11:08:02","modified_gmt":"2025-06-03T09:08:02","slug":"centrifugal-fans","status":"publish","type":"page","link":"https:\/\/alteko.cz\/en\/manufacturing-programme\/centrifugal-fans\/","title":{"rendered":"Centrifugal fans"},"content":{"rendered":"<p><div class=\"fusion-fullwidth fullwidth-box fusion-builder-row-1 fusion-flex-container nonhundred-percent-fullwidth non-hundred-percent-height-scrolling\" style=\"--awb-border-radius-top-left:0px;--awb-border-radius-top-right:0px;--awb-border-radius-bottom-right:0px;--awb-border-radius-bottom-left:0px;--awb-flex-wrap:wrap;\" ><div class=\"fusion-builder-row fusion-row fusion-flex-align-items-stretch fusion-flex-content-wrap\" style=\"max-width:1248px;margin-left: calc(-4% \/ 2 );margin-right: calc(-4% \/ 2 );\"><div class=\"fusion-layout-column fusion_builder_column fusion-builder-column-0 fusion_builder_column_1_3 1_3 fusion-flex-column image4 rozcestIMG fusion-column-inner-bg-wrapper\" style=\"--awb-padding-top:20px;--awb-padding-right:40px;--awb-padding-bottom:20px;--awb-padding-left:20px;--awb-inner-bg-color:#ffffff;--awb-inner-bg-color-hover:#ffffff;--awb-inner-bg-position:right bottom;--awb-inner-bg-size:cover;--awb-box-shadow:5px 5px 25px 0px rgba(0,0,0,0.1);;--awb-width-large:33.333333333333%;--awb-margin-top-large:0px;--awb-spacing-right-large:10px;--awb-margin-bottom-large:20px;--awb-spacing-left-large:5.76%;--awb-width-medium:33.333333333333%;--awb-order-medium:0;--awb-spacing-right-medium:10px;--awb-spacing-left-medium:5.76%;--awb-width-small:100%;--awb-order-small:0;--awb-spacing-right-small:1.92%;--awb-spacing-left-small:1.92%;\"><span class=\"fusion-column-inner-bg hover-type-none\"><a class=\"fusion-column-anchor\" href=\"https:\/\/alteko.cz\/en\/manufacturing-programme\/centrifugal-fans\/rfc-and-rfe-centrifugal-fans-with-direct-drive\/\"><span class=\"fusion-column-inner-bg-image\"><\/span><\/a><\/span><div class=\"fusion-column-wrapper fusion-column-has-shadow fusion-flex-justify-content-flex-start fusion-content-layout-column\"><div class=\"fusion-title title fusion-title-1 fusion-sep-none fusion-title-text fusion-title-size-two\" style=\"--awb-margin-bottom:30px;--awb-font-size:20px;\"><h2 class=\"fusion-title-heading title-heading-left\" style=\"font-family:&quot;Poppins&quot;;font-style:normal;font-weight:700;margin:0;font-size:1em;\">Centrifugal fans with direct drive \u2013 RFC and RFE<\/h2><\/div><div class=\"fusion-text fusion-text-1 link-text\" style=\"--awb-font-size:16px;--awb-text-color:#000000;\"><p><a>Find out more <i class=\"fas fa-caret-right\"><\/i><\/a><\/p>\n<\/div><\/div><\/div><div class=\"fusion-layout-column fusion_builder_column fusion-builder-column-1 fusion_builder_column_1_3 1_3 fusion-flex-column image6 rozcestIMG fusion-column-inner-bg-wrapper\" style=\"--awb-padding-top:20px;--awb-padding-right:40px;--awb-padding-bottom:20px;--awb-padding-left:20px;--awb-inner-bg-color:#ffffff;--awb-inner-bg-color-hover:#ffffff;--awb-inner-bg-position:right bottom;--awb-inner-bg-size:cover;--awb-box-shadow:5px 5px 25px 0px rgba(0,0,0,0.1);;--awb-width-large:33.333333333333%;--awb-margin-top-large:0px;--awb-spacing-right-large:10px;--awb-margin-bottom-large:20px;--awb-spacing-left-large:10px;--awb-width-medium:33.333333333333%;--awb-order-medium:0;--awb-spacing-right-medium:10px;--awb-spacing-left-medium:10px;--awb-width-small:100%;--awb-order-small:0;--awb-spacing-right-small:1.92%;--awb-spacing-left-small:1.92%;\"><span class=\"fusion-column-inner-bg hover-type-none\"><a class=\"fusion-column-anchor\" href=\"https:\/\/alteko.cz\/en\/manufacturing-programme\/centrifugal-fans\/rfu-centrifugal-fans-with-direct-drive-ac-or-ec\/\"><span class=\"fusion-column-inner-bg-image\"><\/span><\/a><\/span><div class=\"fusion-column-wrapper fusion-column-has-shadow fusion-flex-justify-content-flex-start fusion-content-layout-column\"><div class=\"fusion-title title fusion-title-2 fusion-sep-none fusion-title-text fusion-title-size-two\" style=\"--awb-margin-bottom:30px;--awb-font-size:20px;\"><h2 class=\"fusion-title-heading title-heading-left\" style=\"font-family:&quot;Poppins&quot;;font-style:normal;font-weight:700;margin:0;font-size:1em;\">Radi\u00e1ln\u00ed ventil\u00e1tory s&nbsp;p\u0159\u00edm\u00fdm pohonem &#8211; RFU<\/h2><\/div><div class=\"fusion-text fusion-text-2 link-text\" style=\"--awb-font-size:16px;--awb-text-color:#000000;\"><p><a>Find out more <i class=\"fas fa-caret-right\"><\/i><\/a><\/p>\n<\/div><\/div><\/div><div class=\"fusion-layout-column fusion_builder_column fusion-builder-column-2 fusion_builder_column_1_3 1_3 fusion-flex-column image5n rozcestIMG fusion-column-inner-bg-wrapper\" style=\"--awb-padding-top:20px;--awb-padding-right:50px;--awb-padding-bottom:20px;--awb-padding-left:20px;--awb-inner-bg-color:#ffffff;--awb-inner-bg-color-hover:#ffffff;--awb-inner-bg-position:right bottom;--awb-inner-bg-size:cover;--awb-box-shadow:5px 5px 25px 0px rgba(0,0,0,0.1);;--awb-width-large:33.333333333333%;--awb-margin-top-large:0px;--awb-spacing-right-large:5.76%;--awb-margin-bottom-large:20px;--awb-spacing-left-large:10px;--awb-width-medium:33.333333333333%;--awb-order-medium:0;--awb-spacing-right-medium:5.76%;--awb-spacing-left-medium:10px;--awb-width-small:100%;--awb-order-small:0;--awb-spacing-right-small:1.92%;--awb-spacing-left-small:1.92%;\"><span class=\"fusion-column-inner-bg hover-type-none\"><a class=\"fusion-column-anchor\" href=\"https:\/\/alteko.cz\/en\/manufacturing-programme\/centrifugal-fans\/accessories\/\"><span class=\"fusion-column-inner-bg-image\"><\/span><\/a><\/span><div class=\"fusion-column-wrapper fusion-column-has-shadow fusion-flex-justify-content-flex-start fusion-content-layout-column\"><div class=\"fusion-title title fusion-title-3 fusion-sep-none fusion-title-text fusion-title-size-two\" style=\"--awb-margin-bottom:30px;--awb-font-size:20px;\"><h2 class=\"fusion-title-heading title-heading-left\" style=\"font-family:&quot;Poppins&quot;;font-style:normal;font-weight:700;margin:0;font-size:1em;\">Accessories<\/h2><\/div><div class=\"fusion-text fusion-text-3 link-text\" style=\"--awb-font-size:16px;--awb-text-color:#000000;\"><p><a>Find out more <i class=\"fas fa-caret-right\"><\/i><\/a><\/p>\n<\/div><\/div><\/div><\/div><\/div><div class=\"fusion-fullwidth fullwidth-box fusion-builder-row-2 fusion-flex-container about-image1 about-image2 nonhundred-percent-fullwidth non-hundred-percent-height-scrolling\" style=\"--awb-background-position:right center;--awb-border-radius-top-left:0px;--awb-border-radius-top-right:0px;--awb-border-radius-bottom-right:0px;--awb-border-radius-bottom-left:0px;--awb-padding-top:60px;--awb-padding-bottom:60px;--awb-margin-top:0px;--awb-margin-bottom:0px;--awb-margin-top-medium:50px;--awb-margin-bottom-medium:50px;--awb-flex-wrap:wrap;\" ><div class=\"fusion-builder-row fusion-row fusion-flex-align-items-flex-start fusion-flex-content-wrap\" style=\"max-width:1248px;margin-left: calc(-4% \/ 2 );margin-right: calc(-4% \/ 2 );\"><div class=\"fusion-layout-column fusion_builder_column fusion-builder-column-3 fusion_builder_column_1_1 1_1 fusion-flex-column fusion-flex-align-self-center\" style=\"--awb-bg-size:cover;--awb-width-large:100%;--awb-margin-top-large:0px;--awb-spacing-right-large:50px;--awb-margin-bottom-large:50px;--awb-spacing-left-large:1.92%;--awb-width-medium:100%;--awb-order-medium:0;--awb-spacing-right-medium:50px;--awb-spacing-left-medium:1.92%;--awb-width-small:100%;--awb-order-small:0;--awb-spacing-right-small:1.92%;--awb-spacing-left-small:1.92%;\"><div class=\"fusion-column-wrapper fusion-column-has-shadow fusion-flex-justify-content-center fusion-content-layout-column\"><div class=\"fusion-text fusion-text-4\" style=\"--awb-font-size:18px;\"><p>Centrifugal fans are one-sided intake fans driven by flange electric motors. They are designed for air exchange in civil construction, industrial premises and agriculture. Centrifugal fans are available in several types, versions and sizes with impeller diameters ranging from 200 mm to 630 mm. Centrifugal fans as a&nbsp;popular HVAC element in constructing and renovating civic amenities and industrial plants are recognised for their quality, simplicity and variability.   <\/p>\n<p><strong>RFC<\/strong>fans are<strong>low-pressure<\/strong> fans with forward-curved impeller blades, and <strong>RFE<\/strong> fans are <strong>medium-pressure<\/strong> fans with backward-curved impeller blades. Both of these types are one-sided intake fans directly driven by flange electric motors. <strong>RFC-PR<\/strong> fans are low-pressure fans driven by flange motors using belt drives.<\/p>\n<\/div><\/div><\/div><div class=\"fusion-layout-column fusion_builder_column fusion-builder-column-4 fusion_builder_column_1_1 1_1 fusion-flex-column\" style=\"--awb-bg-size:cover;--awb-width-large:100%;--awb-margin-top-large:0px;--awb-spacing-right-large:1.92%;--awb-margin-bottom-large:20px;--awb-spacing-left-large:1.92%;--awb-width-medium:100%;--awb-order-medium:0;--awb-spacing-right-medium:1.92%;--awb-spacing-left-medium:1.92%;--awb-width-small:100%;--awb-order-small:0;--awb-spacing-right-small:1.92%;--awb-spacing-left-small:1.92%;\"><div class=\"fusion-column-wrapper fusion-column-has-shadow fusion-flex-justify-content-flex-start fusion-content-layout-column\"><div class=\"awb-gallery-wrapper awb-gallery-wrapper-1 button-span-no\"><div style=\"margin:-10px;--awb-bordersize:0px;\" class=\"fusion-gallery fusion-gallery-container fusion-grid-4 fusion-columns-total-4 fusion-gallery-layout-grid fusion-gallery-1 galleryFix\"><div style=\"padding:10px;\" class=\"fusion-grid-column fusion-gallery-column fusion-gallery-column-4 hover-type-none\"><div class=\"fusion-gallery-image\"><a href=\"https:\/\/alteko.cz\/wp-content\/uploads\/2021\/06\/img1.jpg\" rel=\"noreferrer\" data-rel=\"iLightbox[gallery_image_1]\" class=\"fusion-lightbox\" target=\"_self\"><img decoding=\"async\" src=\"https:\/\/alteko.cz\/wp-content\/uploads\/2021\/06\/img1-320x202.jpg\" width=\"320\" height=\"202\" alt=\"\" title=\"\" aria-label=\"\" class=\"img-responsive wp-image-3594 fusion-gallery-image-size-fixed\" srcset=\"https:\/\/alteko.cz\/wp-content\/uploads\/2021\/06\/img1-320x202.jpg 320w, https:\/\/alteko.cz\/wp-content\/uploads\/2021\/06\/img1-700x441.jpg 700w\" sizes=\"(max-width: 320px) 100vw, 320px\" \/><\/a><\/div><\/div><div style=\"padding:10px;\" class=\"fusion-grid-column fusion-gallery-column fusion-gallery-column-4 hover-type-none\"><div class=\"fusion-gallery-image\"><a href=\"https:\/\/alteko.cz\/wp-content\/uploads\/2021\/06\/img2.jpg\" rel=\"noreferrer\" data-rel=\"iLightbox[gallery_image_1]\" class=\"fusion-lightbox\" target=\"_self\"><img decoding=\"async\" src=\"https:\/\/alteko.cz\/wp-content\/uploads\/2021\/06\/img2-320x202.jpg\" width=\"320\" height=\"202\" alt=\"\" title=\"\" aria-label=\"\" class=\"img-responsive wp-image-3596 fusion-gallery-image-size-fixed\" srcset=\"https:\/\/alteko.cz\/wp-content\/uploads\/2021\/06\/img2-320x202.jpg 320w, https:\/\/alteko.cz\/wp-content\/uploads\/2021\/06\/img2-700x441.jpg 700w\" sizes=\"(max-width: 320px) 100vw, 320px\" \/><\/a><\/div><\/div><div style=\"padding:10px;\" class=\"fusion-grid-column fusion-gallery-column fusion-gallery-column-4 hover-type-none\"><div class=\"fusion-gallery-image\"><a href=\"https:\/\/alteko.cz\/wp-content\/uploads\/2021\/06\/img4.jpg\" rel=\"noreferrer\" data-rel=\"iLightbox[gallery_image_1]\" class=\"fusion-lightbox\" target=\"_self\"><img decoding=\"async\" src=\"https:\/\/alteko.cz\/wp-content\/uploads\/2021\/06\/img4-320x202.jpg\" width=\"320\" height=\"202\" alt=\"\" title=\"\" aria-label=\"\" class=\"img-responsive wp-image-3600 fusion-gallery-image-size-fixed\" srcset=\"https:\/\/alteko.cz\/wp-content\/uploads\/2021\/06\/img4-320x202.jpg 320w, https:\/\/alteko.cz\/wp-content\/uploads\/2021\/06\/img4-700x441.jpg 700w\" sizes=\"(max-width: 320px) 100vw, 320px\" \/><\/a><\/div><\/div><div style=\"padding:10px;\" class=\"fusion-grid-column fusion-gallery-column fusion-gallery-column-4 hover-type-none\"><div class=\"fusion-gallery-image\"><a href=\"https:\/\/alteko.cz\/wp-content\/uploads\/2021\/06\/img3.jpg\" rel=\"noreferrer\" data-rel=\"iLightbox[gallery_image_1]\" class=\"fusion-lightbox\" target=\"_self\"><img decoding=\"async\" src=\"https:\/\/alteko.cz\/wp-content\/uploads\/2021\/06\/img3-320x202.jpg\" width=\"320\" height=\"202\" alt=\"\" title=\"\" aria-label=\"\" class=\"img-responsive wp-image-3598 fusion-gallery-image-size-fixed\" srcset=\"https:\/\/alteko.cz\/wp-content\/uploads\/2021\/06\/img3-320x202.jpg 320w, https:\/\/alteko.cz\/wp-content\/uploads\/2021\/06\/img3-700x441.jpg 700w\" sizes=\"(max-width: 320px) 100vw, 320px\" \/><\/a><\/div><\/div><div class=\"clearfix\"><\/div><\/div><\/div><\/div><\/div><\/div><\/div><div class=\"fusion-fullwidth fullwidth-box fusion-builder-row-3 fusion-flex-container fusion-parallax-none nonhundred-percent-fullwidth non-hundred-percent-height-scrolling\" style=\"--awb-border-radius-top-left:0px;--awb-border-radius-top-right:0px;--awb-border-radius-bottom-right:0px;--awb-border-radius-bottom-left:0px;--awb-padding-top:80px;--awb-padding-right:50px;--awb-padding-bottom:80px;--awb-padding-left:50px;--awb-padding-top-medium:40px;--awb-padding-bottom-medium:40px;--awb-padding-right-small:30px;--awb-padding-left-small:30px;--awb-margin-top:0px;--awb-background-image:url(&quot;http:\/\/alteko.cz\/wp-content\/uploads\/2021\/05\/bckParallax-2.jpg&quot;);--awb-background-size:cover;--awb-flex-wrap:wrap;\" ><div class=\"fusion-builder-row fusion-row fusion-flex-align-items-flex-start fusion-flex-content-wrap\" style=\"max-width:1248px;margin-left: calc(-4% \/ 2 );margin-right: calc(-4% \/ 2 );\"><div class=\"fusion-layout-column fusion_builder_column fusion-builder-column-5 fusion_builder_column_2_3 2_3 fusion-flex-column\" style=\"--awb-bg-size:cover;--awb-width-large:66.666666666667%;--awb-margin-top-large:0px;--awb-spacing-right-large:2.88%;--awb-margin-bottom-large:20px;--awb-spacing-left-large:2.88%;--awb-width-medium:66.666666666667%;--awb-order-medium:0;--awb-spacing-right-medium:0px;--awb-spacing-left-medium:0px;--awb-width-small:100%;--awb-order-small:0;--awb-spacing-right-small:1.92%;--awb-spacing-left-small:1.92%;\"><div class=\"fusion-column-wrapper fusion-column-has-shadow fusion-flex-justify-content-flex-start fusion-content-layout-column\"><div class=\"fusion-title title fusion-title-4 fusion-sep-none fusion-title-text fusion-title-size-two title-line\" style=\"--awb-text-color:#000000;\"><h2 class=\"fusion-title-heading title-heading-left\" style=\"margin:0;\">References<\/h2><\/div><div class=\"fusion-text fusion-text-5\"><p>Take a&nbsp;look at our completed projects. We have extensive experience in implementing <strong>HVAC, ventilation, air extraction and cooling projects<\/strong> and in many other areas.<\/p>\n<\/div><\/div><\/div><div class=\"fusion-layout-column fusion_builder_column fusion-builder-column-6 fusion_builder_column_1_3 1_3 fusion-flex-column fusion-flex-align-self-center cta-button\" style=\"--awb-bg-size:cover;--awb-width-large:33.333333333333%;--awb-margin-top-large:0px;--awb-spacing-right-large:5.76%;--awb-margin-bottom-large:20px;--awb-spacing-left-large:5.76%;--awb-width-medium:33.333333333333%;--awb-order-medium:0;--awb-spacing-right-medium:5.76%;--awb-spacing-left-medium:5.76%;--awb-width-small:100%;--awb-order-small:0;--awb-spacing-right-small:1.92%;--awb-spacing-left-small:1.92%;\"><div class=\"fusion-column-wrapper fusion-column-has-shadow fusion-flex-justify-content-flex-start fusion-content-layout-column\"><div class=\"md-text-align-left sm-text-align-left\" style=\"text-align:right;\"><a class=\"fusion-button button-flat fusion-button-default-size button-default fusion-button-default button-1 fusion-button-default-span fusion-button-default-type\" target=\"_self\" href=\"https:\/\/alteko.cz\/en\/references\/completed-projects\/\"><span class=\"fusion-button-text awb-button__text awb-button__text--default\">Show our projects<\/span><\/a><\/div><\/div><\/div><\/div><\/div><\/p>\n","protected":false},"excerpt":{"rendered":"","protected":false},"author":3,"featured_media":0,"parent":2921,"menu_order":0,"comment_status":"closed","ping_status":"closed","template":"100-width.php","meta":{"footnotes":""},"class_list":["post-2966","page","type-page","status-publish","hentry"],"yoast_head":"<!-- This site is optimized with the Yoast SEO plugin v25.9 - https:\/\/yoast.com\/wordpress\/plugins\/seo\/ -->\n<title>Centrifugal fans - ALTEKO<\/title>\n<meta name=\"robots\" content=\"index, follow, max-snippet:-1, max-image-preview:large, max-video-preview:-1\" \/>\n<link rel=\"canonical\" href=\"https:\/\/alteko.cz\/vyrobni-program\/radialni-ventilatory\/\" \/>\n<meta property=\"og:locale\" content=\"en_US\" \/>\n<meta property=\"og:type\" content=\"article\" \/>\n<meta property=\"og:title\" content=\"Centrifugal fans - ALTEKO\" \/>\n<meta property=\"og:url\" content=\"https:\/\/alteko.cz\/vyrobni-program\/radialni-ventilatory\/\" \/>\n<meta property=\"og:site_name\" content=\"ALTEKO\" \/>\n<meta property=\"article:modified_time\" content=\"2025-06-03T09:08:02+00:00\" \/>\n<meta property=\"og:image\" content=\"https:\/\/alteko.cz\/wp-content\/uploads\/2020\/12\/Alteko-facebook_nahled_2019.jpg\" \/>\n\t<meta property=\"og:image:width\" content=\"1111\" \/>\n\t<meta property=\"og:image:height\" content=\"552\" \/>\n\t<meta property=\"og:image:type\" content=\"image\/jpeg\" \/>\n<meta name=\"twitter:card\" content=\"summary_large_image\" \/>\n<meta name=\"twitter:label1\" content=\"Est. reading time\" \/>\n\t<meta name=\"twitter:data1\" content=\"7 minutes\" \/>\n<script type=\"application\/ld+json\" class=\"yoast-schema-graph\">{\"@context\":\"https:\/\/schema.org\",\"@graph\":[{\"@type\":\"WebPage\",\"@id\":\"https:\/\/alteko.cz\/vyrobni-program\/radialni-ventilatory\/\",\"url\":\"https:\/\/alteko.cz\/vyrobni-program\/radialni-ventilatory\/\",\"name\":\"Centrifugal fans - ALTEKO\",\"isPartOf\":{\"@id\":\"https:\/\/alteko.cz\/#website\"},\"datePublished\":\"2022-01-14T14:52:42+00:00\",\"dateModified\":\"2025-06-03T09:08:02+00:00\",\"breadcrumb\":{\"@id\":\"https:\/\/alteko.cz\/vyrobni-program\/radialni-ventilatory\/#breadcrumb\"},\"inLanguage\":\"en-US\",\"potentialAction\":[{\"@type\":\"ReadAction\",\"target\":[\"https:\/\/alteko.cz\/vyrobni-program\/radialni-ventilatory\/\"]}]},{\"@type\":\"BreadcrumbList\",\"@id\":\"https:\/\/alteko.cz\/vyrobni-program\/radialni-ventilatory\/#breadcrumb\",\"itemListElement\":[{\"@type\":\"ListItem\",\"position\":1,\"name\":\"Manufacturing programme\",\"item\":\"https:\/\/alteko.cz\/en\/manufacturing-programme\/\"},{\"@type\":\"ListItem\",\"position\":2,\"name\":\"Centrifugal fans\"}]},{\"@type\":\"WebSite\",\"@id\":\"https:\/\/alteko.cz\/#website\",\"url\":\"https:\/\/alteko.cz\/\",\"name\":\"ALTEKO\",\"description\":\"vzduch s p\u0159idanou hodnotou\",\"potentialAction\":[{\"@type\":\"SearchAction\",\"target\":{\"@type\":\"EntryPoint\",\"urlTemplate\":\"https:\/\/alteko.cz\/?s={search_term_string}\"},\"query-input\":{\"@type\":\"PropertyValueSpecification\",\"valueRequired\":true,\"valueName\":\"search_term_string\"}}],\"inLanguage\":\"en-US\"}]}<\/script>\n<!-- \/ Yoast SEO plugin. -->","yoast_head_json":{"title":"Centrifugal fans - ALTEKO","robots":{"index":"index","follow":"follow","max-snippet":"max-snippet:-1","max-image-preview":"max-image-preview:large","max-video-preview":"max-video-preview:-1"},"canonical":"https:\/\/alteko.cz\/vyrobni-program\/radialni-ventilatory\/","og_locale":"en_US","og_type":"article","og_title":"Centrifugal fans - ALTEKO","og_url":"https:\/\/alteko.cz\/vyrobni-program\/radialni-ventilatory\/","og_site_name":"ALTEKO","article_modified_time":"2025-06-03T09:08:02+00:00","og_image":[{"width":1111,"height":552,"url":"https:\/\/alteko.cz\/wp-content\/uploads\/2020\/12\/Alteko-facebook_nahled_2019.jpg","type":"image\/jpeg"}],"twitter_card":"summary_large_image","twitter_misc":{"Est. reading time":"7 minutes"},"schema":{"@context":"https:\/\/schema.org","@graph":[{"@type":"WebPage","@id":"https:\/\/alteko.cz\/vyrobni-program\/radialni-ventilatory\/","url":"https:\/\/alteko.cz\/vyrobni-program\/radialni-ventilatory\/","name":"Centrifugal fans - ALTEKO","isPartOf":{"@id":"https:\/\/alteko.cz\/#website"},"datePublished":"2022-01-14T14:52:42+00:00","dateModified":"2025-06-03T09:08:02+00:00","breadcrumb":{"@id":"https:\/\/alteko.cz\/vyrobni-program\/radialni-ventilatory\/#breadcrumb"},"inLanguage":"en-US","potentialAction":[{"@type":"ReadAction","target":["https:\/\/alteko.cz\/vyrobni-program\/radialni-ventilatory\/"]}]},{"@type":"BreadcrumbList","@id":"https:\/\/alteko.cz\/vyrobni-program\/radialni-ventilatory\/#breadcrumb","itemListElement":[{"@type":"ListItem","position":1,"name":"Manufacturing programme","item":"https:\/\/alteko.cz\/en\/manufacturing-programme\/"},{"@type":"ListItem","position":2,"name":"Centrifugal fans"}]},{"@type":"WebSite","@id":"https:\/\/alteko.cz\/#website","url":"https:\/\/alteko.cz\/","name":"ALTEKO","description":"vzduch s p\u0159idanou hodnotou","potentialAction":[{"@type":"SearchAction","target":{"@type":"EntryPoint","urlTemplate":"https:\/\/alteko.cz\/?s={search_term_string}"},"query-input":{"@type":"PropertyValueSpecification","valueRequired":true,"valueName":"search_term_string"}}],"inLanguage":"en-US"}]}},"_links":{"self":[{"href":"https:\/\/alteko.cz\/en\/wp-json\/wp\/v2\/pages\/2966","targetHints":{"allow":["GET"]}}],"collection":[{"href":"https:\/\/alteko.cz\/en\/wp-json\/wp\/v2\/pages"}],"about":[{"href":"https:\/\/alteko.cz\/en\/wp-json\/wp\/v2\/types\/page"}],"author":[{"embeddable":true,"href":"https:\/\/alteko.cz\/en\/wp-json\/wp\/v2\/users\/3"}],"replies":[{"embeddable":true,"href":"https:\/\/alteko.cz\/en\/wp-json\/wp\/v2\/comments?post=2966"}],"version-history":[{"count":13,"href":"https:\/\/alteko.cz\/en\/wp-json\/wp\/v2\/pages\/2966\/revisions"}],"predecessor-version":[{"id":4665,"href":"https:\/\/alteko.cz\/en\/wp-json\/wp\/v2\/pages\/2966\/revisions\/4665"}],"up":[{"embeddable":true,"href":"https:\/\/alteko.cz\/en\/wp-json\/wp\/v2\/pages\/2921"}],"wp:attachment":[{"href":"https:\/\/alteko.cz\/en\/wp-json\/wp\/v2\/media?parent=2966"}],"curies":[{"name":"wp","href":"https:\/\/api.w.org\/{rel}","templated":true}]}}