{"id":2736,"date":"2022-01-14T14:01:17","date_gmt":"2022-01-14T13:01:17","guid":{"rendered":"https:\/\/alteko.cz\/news\/"},"modified":"2022-01-14T14:01:28","modified_gmt":"2022-01-14T13:01:28","slug":"news","status":"publish","type":"page","link":"https:\/\/alteko.cz\/en\/news\/","title":{"rendered":"News"},"content":{"rendered":"<div class=\"fusion-fullwidth fullwidth-box fusion-builder-row-1 fusion-flex-container nonhundred-percent-fullwidth non-hundred-percent-height-scrolling\" style=\"--awb-border-radius-top-left:0px;--awb-border-radius-top-right:0px;--awb-border-radius-bottom-right:0px;--awb-border-radius-bottom-left:0px;--awb-margin-bottom:60px;--awb-margin-bottom-medium:40px;--awb-margin-bottom-small:20px;--awb-flex-wrap:wrap;\" ><div class=\"fusion-builder-row fusion-row fusion-flex-align-items-flex-start fusion-flex-content-wrap\" style=\"max-width:1248px;margin-left: calc(-4% \/ 2 );margin-right: calc(-4% \/ 2 );\"><div class=\"fusion-layout-column fusion_builder_column fusion-builder-column-0 fusion_builder_column_1_1 1_1 fusion-flex-column\" style=\"--awb-bg-size:cover;--awb-width-large:100%;--awb-margin-top-large:0px;--awb-spacing-right-large:1.92%;--awb-margin-bottom-large:20px;--awb-spacing-left-large:1.92%;--awb-width-medium:100%;--awb-order-medium:0;--awb-spacing-right-medium:1.92%;--awb-spacing-left-medium:1.92%;--awb-width-small:100%;--awb-order-small:0;--awb-spacing-right-small:1.92%;--awb-spacing-left-small:1.92%;\"><div class=\"fusion-column-wrapper fusion-column-has-shadow fusion-flex-justify-content-flex-start fusion-content-layout-column\"><div class=\"fusion-blog-shortcode fusion-blog-shortcode-1 fusion-blog-archive fusion-blog-layout-grid-wrapper fusion-blog-pagination\"><style type=\"text\/css\">.fusion-blog-shortcode-1 .fusion-blog-layout-grid .fusion-post-grid{padding:10px;}.fusion-blog-shortcode-1 .fusion-posts-container{margin-left: -10px !important; margin-right:-10px !important;}<\/style><div class=\"fusion-posts-container fusion-posts-container-pagination fusion-blog-rollover fusion-blog-layout-grid fusion-blog-layout-grid-4 isotope fusion-blog-equal-heights\" data-pages=\"1\" data-grid-col-space=\"20\" style=\"margin: -10px -10px 0;min-height:500px;\"><article id=\"blog-1-post-4716\" class=\"fusion-post-grid post-4716 post type-post status-publish format-standard has-post-thumbnail hentry category-uncategorized\">\n<div class=\"fusion-post-wrapper\" style=\"background-color:rgba(255,255,255,0);border:1px solid #f2f3f5;border-bottom-width:3px;\">\n\n\t\t\t<div class=\"fusion-flexslider flexslider fusion-flexslider-loading fusion-post-slideshow\" style=\"border-color:#f2f3f5;\">\n\t\t<ul class=\"slides\">\n\t\t\t\n\t\t\t\t\t\t\t\t\t\t\t\t\t\t<li><div  class=\"fusion-image-wrapper\" aria-haspopup=\"true\">\n\t\t\t\t<img decoding=\"async\" width=\"600\" height=\"400\" src=\"https:\/\/alteko.cz\/wp-content\/uploads\/2026\/02\/Loga-dotace.png\" class=\"attachment-full size-full wp-post-image\" alt=\"\" srcset=\"https:\/\/alteko.cz\/wp-content\/uploads\/2026\/02\/Loga-dotace-200x133.png 200w, https:\/\/alteko.cz\/wp-content\/uploads\/2026\/02\/Loga-dotace-400x267.png 400w, https:\/\/alteko.cz\/wp-content\/uploads\/2026\/02\/Loga-dotace.png 600w\" sizes=\"(min-width: 2200px) 100vw, (min-width: 856px) 285px, (min-width: 784px) 380px, (min-width: 712px) 570px, (min-width: 640px) 712px, \" \/><div class=\"fusion-rollover\">\n\t<div class=\"fusion-rollover-content\">\n\n\t\t\t\t\t\t\t\t\t\t\t\t\t\t<a class=\"fusion-rollover-link\" href=\"https:\/\/alteko.cz\/en\/projekt-vyroba-stehoveho-sestavneho-vetraciho-systemu\/\">Projekt V\u00ddROBA ST\u011aHOV\u00c9HO SESTAVN\u00c9HO V\u011aTRAC\u00cdHO SYST\u00c9MU<\/a>\n\t\t\t\n\t\t\t\t\t\t\t\t\n\t\t\n\t\t\t\t\t\t\t\t\n\t\t\t\t\t\t\t\t\n\t\t\n\t\t\t\t\t\t<a class=\"fusion-link-wrapper\" href=\"https:\/\/alteko.cz\/en\/projekt-vyroba-stehoveho-sestavneho-vetraciho-systemu\/\" aria-label=\"Projekt V\u00ddROBA ST\u011aHOV\u00c9HO SESTAVN\u00c9HO V\u011aTRAC\u00cdHO SYST\u00c9MU\"><\/a>\n\t<\/div>\n<\/div>\n<\/div>\n<\/li>\n\t\t\t\n\t\t\t\n\t\t\t\t\t\t\t\t\t\t\t\t\t\t\t\t\t\t\t\t\t\t\t\t\t\t\t\t\t\t\t\t\t\t\t\t\t\t\t\t\t\t\t\t\t\t\t\t\t\t\t\t\t\t\t\t\t\t\t\t\t\t\t\t\t\t\t\t<\/ul>\n\t<\/div>\n\t<div class=\"fusion-post-content-wrapper\" style=\"padding:30px 25px 25px 25px;\"><div class=\"fusion-post-content post-content\"><h2 class=\"blog-shortcode-post-title entry-title\"><a href=\"https:\/\/alteko.cz\/en\/projekt-vyroba-stehoveho-sestavneho-vetraciho-systemu\/\">Projekt V\u00ddROBA ST\u011aHOV\u00c9HO SESTAVN\u00c9HO V\u011aTRAC\u00cdHO SYST\u00c9MU<\/a><\/h2><p class=\"fusion-single-line-meta\"><span class=\"vcard\" style=\"display: none;\"><span class=\"fn\">prodej@alteko.cz<\/span><\/span><span class=\"updated\" style=\"display:none;\">2026-04-10T13:47:15+02:00<\/span><span>10. 4. 2026<\/span><span class=\"fusion-inline-sep\">|<\/span><\/p><div class=\"fusion-content-sep sep-none\"><\/div><div class=\"fusion-post-content-container\"><p>Projekt \"V\u00fdroba st\u011bnov\u00e9ho sestavn\u00e9ho v\u011btrac\u00edho syst\u00e9mu\" v\u00fdzvy [...]<\/p><\/div><\/div><div class=\"fusion-meta-info\"><div class=\"fusion-alignleft\"><a class=\"fusion-read-more\" href=\"https:\/\/alteko.cz\/en\/projekt-vyroba-stehoveho-sestavneho-vetraciho-systemu\/\" aria-label=\"More on Projekt V\u00ddROBA ST\u011aHOV\u00c9HO SESTAVN\u00c9HO V\u011aTRAC\u00cdHO SYST\u00c9MU\">Read More<\/a><\/div><\/div><\/div><div class=\"fusion-clearfix\"><\/div><\/div>\n<\/article>\n<article id=\"blog-1-post-4709\" class=\"fusion-post-grid post-4709 post type-post status-publish format-standard has-post-thumbnail hentry category-uncategorized\">\n<div class=\"fusion-post-wrapper\" style=\"background-color:rgba(255,255,255,0);border:1px solid #f2f3f5;border-bottom-width:3px;\">\n\n\t\t\t<div class=\"fusion-flexslider flexslider fusion-flexslider-loading fusion-post-slideshow\" style=\"border-color:#f2f3f5;\">\n\t\t<ul class=\"slides\">\n\t\t\t\n\t\t\t\t\t\t\t\t\t\t\t\t\t\t<li><div  class=\"fusion-image-wrapper\" aria-haspopup=\"true\">\n\t\t\t\t<img decoding=\"async\" width=\"600\" height=\"400\" src=\"https:\/\/alteko.cz\/wp-content\/uploads\/2026\/02\/Loga-dotace.png\" class=\"attachment-full size-full wp-post-image\" alt=\"\" srcset=\"https:\/\/alteko.cz\/wp-content\/uploads\/2026\/02\/Loga-dotace-200x133.png 200w, https:\/\/alteko.cz\/wp-content\/uploads\/2026\/02\/Loga-dotace-400x267.png 400w, https:\/\/alteko.cz\/wp-content\/uploads\/2026\/02\/Loga-dotace.png 600w\" sizes=\"(min-width: 2200px) 100vw, (min-width: 856px) 285px, (min-width: 784px) 380px, (min-width: 712px) 570px, (min-width: 640px) 712px, \" \/><div class=\"fusion-rollover\">\n\t<div class=\"fusion-rollover-content\">\n\n\t\t\t\t\t\t\t\t\t\t\t\t\t\t<a class=\"fusion-rollover-link\" href=\"https:\/\/alteko.cz\/en\/projekt-fve-alteko\/\">Projekt FVE ALTEKO<\/a>\n\t\t\t\n\t\t\t\t\t\t\t\t\n\t\t\n\t\t\t\t\t\t\t\t\n\t\t\t\t\t\t\t\t\n\t\t\n\t\t\t\t\t\t<a class=\"fusion-link-wrapper\" href=\"https:\/\/alteko.cz\/en\/projekt-fve-alteko\/\" aria-label=\"Projekt FVE ALTEKO\"><\/a>\n\t<\/div>\n<\/div>\n<\/div>\n<\/li>\n\t\t\t\n\t\t\t\n\t\t\t\t\t\t\t\t\t\t\t\t\t\t\t\t\t\t\t\t\t\t\t\t\t\t\t\t\t\t\t\t\t\t\t\t\t\t\t\t\t\t\t\t\t\t\t\t\t\t\t\t\t\t\t\t\t\t\t\t\t\t\t\t\t\t\t\t<\/ul>\n\t<\/div>\n\t<div class=\"fusion-post-content-wrapper\" style=\"padding:30px 25px 25px 25px;\"><div class=\"fusion-post-content post-content\"><h2 class=\"blog-shortcode-post-title entry-title\"><a href=\"https:\/\/alteko.cz\/en\/projekt-fve-alteko\/\">Projekt FVE ALTEKO<\/a><\/h2><p class=\"fusion-single-line-meta\"><span class=\"vcard\" style=\"display: none;\"><span class=\"fn\">prodej@alteko.cz<\/span><\/span><span class=\"updated\" style=\"display:none;\">2026-04-10T13:30:03+02:00<\/span><span>10. 4. 2026<\/span><span class=\"fusion-inline-sep\">|<\/span><\/p><div class=\"fusion-content-sep sep-none\"><\/div><div class=\"fusion-post-content-container\"><p>Projekt FVE ALTEKO je spolu\ufb01nancov\u00e1n Evropskou uni\u00ed. [...]<\/p><\/div><\/div><div class=\"fusion-meta-info\"><div class=\"fusion-alignleft\"><a class=\"fusion-read-more\" href=\"https:\/\/alteko.cz\/en\/projekt-fve-alteko\/\" aria-label=\"More on Projekt FVE ALTEKO\">Read More<\/a><\/div><\/div><\/div><div class=\"fusion-clearfix\"><\/div><\/div>\n<\/article>\n<article id=\"blog-1-post-3835\" class=\"fusion-post-grid post-3835 post type-post status-publish format-standard has-post-thumbnail hentry category-uncategorized\">\n<div class=\"fusion-post-wrapper\" style=\"background-color:rgba(255,255,255,0);border:1px solid #f2f3f5;border-bottom-width:3px;\">\n\n\t\t\t<div class=\"fusion-flexslider flexslider fusion-flexslider-loading fusion-post-slideshow\" style=\"border-color:#f2f3f5;\">\n\t\t<ul class=\"slides\">\n\t\t\t\n\t\t\t\t\t\t\t\t\t\t\t\t\t\t<li><div  class=\"fusion-image-wrapper\" aria-haspopup=\"true\">\n\t\t\t\t<img decoding=\"async\" width=\"1200\" height=\"800\" src=\"https:\/\/alteko.cz\/wp-content\/uploads\/2020\/11\/aktualita.jpg\" class=\"attachment-full size-full wp-post-image\" alt=\"\" srcset=\"https:\/\/alteko.cz\/wp-content\/uploads\/2020\/11\/aktualita-200x133.jpg 200w, https:\/\/alteko.cz\/wp-content\/uploads\/2020\/11\/aktualita-400x267.jpg 400w, https:\/\/alteko.cz\/wp-content\/uploads\/2020\/11\/aktualita-600x400.jpg 600w, https:\/\/alteko.cz\/wp-content\/uploads\/2020\/11\/aktualita-800x533.jpg 800w, https:\/\/alteko.cz\/wp-content\/uploads\/2020\/11\/aktualita.jpg 1200w\" sizes=\"(min-width: 2200px) 100vw, (min-width: 856px) 285px, (min-width: 784px) 380px, (min-width: 712px) 570px, (min-width: 640px) 712px, \" \/><div class=\"fusion-rollover\">\n\t<div class=\"fusion-rollover-content\">\n\n\t\t\t\t\t\t\t\t\t\t\t\t\t\t<a class=\"fusion-rollover-link\" href=\"https:\/\/alteko.cz\/en\/projekt-ventilatory-alteko\/\">Projekt VENTIL\u00c1TORY ALTEKO<\/a>\n\t\t\t\n\t\t\t\t\t\t\t\t\n\t\t\n\t\t\t\t\t\t\t\t\n\t\t\t\t\t\t\t\t\n\t\t\n\t\t\t\t\t\t<a class=\"fusion-link-wrapper\" href=\"https:\/\/alteko.cz\/en\/projekt-ventilatory-alteko\/\" aria-label=\"Projekt VENTIL\u00c1TORY ALTEKO\"><\/a>\n\t<\/div>\n<\/div>\n<\/div>\n<\/li>\n\t\t\t\n\t\t\t\n\t\t\t\t\t\t\t\t\t\t\t\t\t\t\t\t\t\t\t\t\t\t\t\t\t\t\t\t\t\t\t\t\t\t\t\t\t\t\t\t\t\t\t\t\t\t\t\t\t\t\t\t\t\t\t\t\t\t\t\t\t\t\t\t\t\t\t\t<\/ul>\n\t<\/div>\n\t<div class=\"fusion-post-content-wrapper\" style=\"padding:30px 25px 25px 25px;\"><div class=\"fusion-post-content post-content\"><h2 class=\"blog-shortcode-post-title entry-title\"><a href=\"https:\/\/alteko.cz\/en\/projekt-ventilatory-alteko\/\">Projekt VENTIL\u00c1TORY ALTEKO<\/a><\/h2><p class=\"fusion-single-line-meta\"><span class=\"vcard\" style=\"display: none;\"><span class=\"fn\">prodej@alteko.cz<\/span><\/span><span class=\"updated\" style=\"display:none;\">2026-02-04T13:28:59+01:00<\/span><span>17. 1. 2022<\/span><span class=\"fusion-inline-sep\">|<\/span><\/p><div class=\"fusion-content-sep sep-none\"><\/div><div class=\"fusion-post-content-container\"><p>Projekt VENTIL\u00c1TORY ALTEKO je spolufinancov\u00e1n Evropskou uni\u00ed. [...]<\/p><\/div><\/div><div class=\"fusion-meta-info\"><div class=\"fusion-alignleft\"><a class=\"fusion-read-more\" href=\"https:\/\/alteko.cz\/en\/projekt-ventilatory-alteko\/\" aria-label=\"More on Projekt VENTIL\u00c1TORY ALTEKO\">Read More<\/a><\/div><\/div><\/div><div class=\"fusion-clearfix\"><\/div><\/div>\n<\/article>\n<div class=\"fusion-clearfix\"><\/div><\/div><\/div><\/div><\/div><\/div><\/div>\n","protected":false},"excerpt":{"rendered":"","protected":false},"author":3,"featured_media":0,"parent":0,"menu_order":0,"comment_status":"closed","ping_status":"closed","template":"100-width.php","meta":{"footnotes":""},"class_list":["post-2736","page","type-page","status-publish","hentry"],"yoast_head":"<!-- This site is optimized with the Yoast SEO plugin v25.9 - https:\/\/yoast.com\/wordpress\/plugins\/seo\/ -->\n<title>News - ALTEKO<\/title>\n<meta name=\"robots\" content=\"index, follow, max-snippet:-1, max-image-preview:large, max-video-preview:-1\" \/>\n<link rel=\"canonical\" href=\"https:\/\/alteko.cz\/en\/news\/\" \/>\n<meta property=\"og:locale\" content=\"en_US\" \/>\n<meta property=\"og:type\" content=\"article\" \/>\n<meta property=\"og:title\" content=\"News - ALTEKO\" \/>\n<meta property=\"og:url\" content=\"https:\/\/alteko.cz\/en\/news\/\" \/>\n<meta property=\"og:site_name\" content=\"ALTEKO\" \/>\n<meta property=\"article:modified_time\" content=\"2022-01-14T13:01:28+00:00\" \/>\n<meta property=\"og:image\" content=\"https:\/\/alteko.cz\/wp-content\/uploads\/2020\/12\/Alteko-facebook_nahled_2019.jpg\" \/>\n\t<meta property=\"og:image:width\" content=\"1111\" \/>\n\t<meta property=\"og:image:height\" content=\"552\" \/>\n\t<meta property=\"og:image:type\" content=\"image\/jpeg\" \/>\n<meta name=\"twitter:card\" content=\"summary_large_image\" \/>\n<meta name=\"twitter:label1\" content=\"Est. reading time\" \/>\n\t<meta name=\"twitter:data1\" content=\"3 minutes\" \/>\n<script type=\"application\/ld+json\" class=\"yoast-schema-graph\">{\"@context\":\"https:\/\/schema.org\",\"@graph\":[{\"@type\":\"WebPage\",\"@id\":\"https:\/\/alteko.cz\/en\/news\/\",\"url\":\"https:\/\/alteko.cz\/en\/news\/\",\"name\":\"News - ALTEKO\",\"isPartOf\":{\"@id\":\"https:\/\/alteko.cz\/#website\"},\"datePublished\":\"2022-01-14T13:01:17+00:00\",\"dateModified\":\"2022-01-14T13:01:28+00:00\",\"inLanguage\":\"en-US\",\"potentialAction\":[{\"@type\":\"ReadAction\",\"target\":[\"https:\/\/alteko.cz\/en\/news\/\"]}]},{\"@type\":\"WebSite\",\"@id\":\"https:\/\/alteko.cz\/#website\",\"url\":\"https:\/\/alteko.cz\/\",\"name\":\"ALTEKO\",\"description\":\"vzduch s p\u0159idanou hodnotou\",\"potentialAction\":[{\"@type\":\"SearchAction\",\"target\":{\"@type\":\"EntryPoint\",\"urlTemplate\":\"https:\/\/alteko.cz\/?s={search_term_string}\"},\"query-input\":{\"@type\":\"PropertyValueSpecification\",\"valueRequired\":true,\"valueName\":\"search_term_string\"}}],\"inLanguage\":\"en-US\"}]}<\/script>\n<!-- \/ Yoast SEO plugin. -->","yoast_head_json":{"title":"News - ALTEKO","robots":{"index":"index","follow":"follow","max-snippet":"max-snippet:-1","max-image-preview":"max-image-preview:large","max-video-preview":"max-video-preview:-1"},"canonical":"https:\/\/alteko.cz\/en\/news\/","og_locale":"en_US","og_type":"article","og_title":"News - ALTEKO","og_url":"https:\/\/alteko.cz\/en\/news\/","og_site_name":"ALTEKO","article_modified_time":"2022-01-14T13:01:28+00:00","og_image":[{"width":1111,"height":552,"url":"https:\/\/alteko.cz\/wp-content\/uploads\/2020\/12\/Alteko-facebook_nahled_2019.jpg","type":"image\/jpeg"}],"twitter_card":"summary_large_image","twitter_misc":{"Est. reading time":"3 minutes"},"schema":{"@context":"https:\/\/schema.org","@graph":[{"@type":"WebPage","@id":"https:\/\/alteko.cz\/en\/news\/","url":"https:\/\/alteko.cz\/en\/news\/","name":"News - ALTEKO","isPartOf":{"@id":"https:\/\/alteko.cz\/#website"},"datePublished":"2022-01-14T13:01:17+00:00","dateModified":"2022-01-14T13:01:28+00:00","inLanguage":"en-US","potentialAction":[{"@type":"ReadAction","target":["https:\/\/alteko.cz\/en\/news\/"]}]},{"@type":"WebSite","@id":"https:\/\/alteko.cz\/#website","url":"https:\/\/alteko.cz\/","name":"ALTEKO","description":"vzduch s p\u0159idanou hodnotou","potentialAction":[{"@type":"SearchAction","target":{"@type":"EntryPoint","urlTemplate":"https:\/\/alteko.cz\/?s={search_term_string}"},"query-input":{"@type":"PropertyValueSpecification","valueRequired":true,"valueName":"search_term_string"}}],"inLanguage":"en-US"}]}},"_links":{"self":[{"href":"https:\/\/alteko.cz\/en\/wp-json\/wp\/v2\/pages\/2736","targetHints":{"allow":["GET"]}}],"collection":[{"href":"https:\/\/alteko.cz\/en\/wp-json\/wp\/v2\/pages"}],"about":[{"href":"https:\/\/alteko.cz\/en\/wp-json\/wp\/v2\/types\/page"}],"author":[{"embeddable":true,"href":"https:\/\/alteko.cz\/en\/wp-json\/wp\/v2\/users\/3"}],"replies":[{"embeddable":true,"href":"https:\/\/alteko.cz\/en\/wp-json\/wp\/v2\/comments?post=2736"}],"version-history":[{"count":3,"href":"https:\/\/alteko.cz\/en\/wp-json\/wp\/v2\/pages\/2736\/revisions"}],"predecessor-version":[{"id":2739,"href":"https:\/\/alteko.cz\/en\/wp-json\/wp\/v2\/pages\/2736\/revisions\/2739"}],"wp:attachment":[{"href":"https:\/\/alteko.cz\/en\/wp-json\/wp\/v2\/media?parent=2736"}],"curies":[{"name":"wp","href":"https:\/\/api.w.org\/{rel}","templated":true}]}}